{"id":12,"date":"2026-02-25T15:48:15","date_gmt":"2026-02-25T15:48:15","guid":{"rendered":"https:\/\/bricks.llm-automatic-translation.top\/przykladowa-strona\/"},"modified":"2026-02-26T10:43:22","modified_gmt":"2026-02-26T10:43:22","slug":"przykladowa-strona","status":"publish","type":"page","link":"https:\/\/bricks.llm-automatic-translation.top\/pl\/","title":{"rendered":"Przyk\u0142adowa strona"},"content":{"rendered":"\n<p>To jest przyk\u0142adowa strona. R\u00f3\u017cni si\u0119 od wpisu na blogu, poniewa\u017c pozostanie w jednym miejscu i b\u0119dzie widoczna w nawigacji Twojej witryny (w wi\u0119kszo\u015bci motyw\u00f3w). Wi\u0119kszo\u015b\u0107 os\u00f3b zaczyna od strony \u201eO nas\u201d, kt\u00f3ra przedstawia ich potencjalnym odwiedzaj\u0105cym witryn\u0119. Mo\u017ce zawiera\u0107 co\u015b takiego:<\/p>\n\n<blockquote class=\"wp-block-quote is-layout-flow wp-block-quote-is-layout-flow\">\n\n<p>Cze\u015b\u0107! W dzie\u0144 jestem kurierem rowerowym, w nocy pocz\u0105tkuj\u0105cym aktorem, a to jest moja strona internetowa. Mieszkam w Los Angeles, mam wspania\u0142ego psa o imieniu Jack i lubi\u0119 pi\u00f1a colady. (I da\u0107 si\u0119 z\u0142apa\u0107 w deszczu.)<\/p>\n\n<\/blockquote>\n\n<p>&#8230;lub co\u015b takiego:<\/p>\n\n<blockquote class=\"wp-block-quote is-layout-flow wp-block-quote-is-layout-flow\">\n\n<p>Firma XYZ Doohickey zosta\u0142a za\u0142o\u017cona w 1971 roku i od tego czasu dostarcza wysokiej jako\u015bci doohickey spo\u0142ecze\u0144stwu. Zlokalizowana w Gotham City, firma XYZ zatrudnia ponad 2000 os\u00f3b i robi wiele wspania\u0142ych rzeczy dla spo\u0142eczno\u015bci Gotham.<\/p>\n\n<\/blockquote>\n\n<p>Jako nowy u\u017cytkownik WordPressa, powiniene\u015b przej\u015b\u0107 do <a href=\"https:\/\/bricks.llm-automatic-translation.top\/wp-admin\/\">swojego kokpitu<\/a>, aby usun\u0105\u0107 t\u0119 stron\u0119 i utworzy\u0107 nowe strony dla swojej tre\u015bci. Baw si\u0119 dobrze!<\/p>\n","protected":false},"excerpt":{"rendered":"<p>To jest przyk\u0142adowa strona. R\u00f3\u017cni si\u0119 od wpisu na blogu, poniewa\u017c pozostanie w jednym miejscu i b\u0119dzie widoczna w nawigacji Twojej witryny (w wi\u0119kszo\u015bci motyw\u00f3w). Wi\u0119kszo\u015b\u0107 os\u00f3b zaczyna od strony \u201eO nas\u201d, kt\u00f3ra przedstawia ich potencjalnym odwiedzaj\u0105cym witryn\u0119. Mo\u017ce zawiera\u0107 co\u015b takiego: Cze\u015b\u0107! W dzie\u0144 jestem kurierem rowerowym, w nocy pocz\u0105tkuj\u0105cym aktorem, a to jest [&hellip;]<\/p>\n","protected":false},"author":1,"featured_media":0,"parent":0,"menu_order":0,"comment_status":"closed","ping_status":"open","template":"","meta":{"_seopress_robots_primary_cat":"","_seopress_titles_title":"","_seopress_titles_desc":"","_seopress_robots_index":"","footnotes":""},"class_list":["post-12","page","type-page","status-publish","hentry"],"_links":{"self":[{"href":"https:\/\/bricks.llm-automatic-translation.top\/pl\/wp-json\/wp\/v2\/pages\/12","targetHints":{"allow":["GET"]}}],"collection":[{"href":"https:\/\/bricks.llm-automatic-translation.top\/pl\/wp-json\/wp\/v2\/pages"}],"about":[{"href":"https:\/\/bricks.llm-automatic-translation.top\/pl\/wp-json\/wp\/v2\/types\/page"}],"author":[{"embeddable":true,"href":"https:\/\/bricks.llm-automatic-translation.top\/pl\/wp-json\/wp\/v2\/users\/1"}],"replies":[{"embeddable":true,"href":"https:\/\/bricks.llm-automatic-translation.top\/pl\/wp-json\/wp\/v2\/comments?post=12"}],"version-history":[{"count":1,"href":"https:\/\/bricks.llm-automatic-translation.top\/pl\/wp-json\/wp\/v2\/pages\/12\/revisions"}],"predecessor-version":[{"id":13,"href":"https:\/\/bricks.llm-automatic-translation.top\/pl\/wp-json\/wp\/v2\/pages\/12\/revisions\/13"}],"wp:attachment":[{"href":"https:\/\/bricks.llm-automatic-translation.top\/pl\/wp-json\/wp\/v2\/media?parent=12"}],"curies":[{"name":"wp","href":"https:\/\/api.w.org\/{rel}","templated":true}]}}